{"id":1126,"date":"2018-09-27T05:01:10","date_gmt":"2018-09-27T03:01:10","guid":{"rendered":"https:\/\/mandalacenter.com.pl\/home\/"},"modified":"2024-01-22T10:02:16","modified_gmt":"2024-01-22T09:02:16","slug":"home","status":"publish","type":"page","link":"https:\/\/mandalacenter.com.pl\/en\/","title":{"rendered":"Home"},"content":{"rendered":"\t\t<div data-elementor-type=\"wp-post\" data-elementor-id=\"1126\" class=\"elementor elementor-1126 elementor-416\">\n\t\t\t\t\t\t<section class=\"elementor-section elementor-top-section elementor-element elementor-element-f3d9955 elementor-section-boxed elementor-section-height-default elementor-section-height-default\" data-id=\"f3d9955\" data-element_type=\"section\" data-e-type=\"section\" data-settings=\"{&quot;background_background&quot;:&quot;classic&quot;}\">\n\t\t\t\t\t\t\t<div class=\"elementor-background-overlay\"><\/div>\n\t\t\t\t\t\t\t<div class=\"elementor-container elementor-column-gap-default\">\n\t\t\t\t\t<div class=\"elementor-column elementor-col-100 elementor-top-column elementor-element elementor-element-5b96851\" data-id=\"5b96851\" data-element_type=\"column\" data-e-type=\"column\">\n\t\t\t<div class=\"elementor-widget-wrap elementor-element-populated\">\n\t\t\t\t\t\t<div class=\"elementor-element elementor-element-27bfec0 elementor-widget elementor-widget-heading\" data-id=\"27bfec0\" data-element_type=\"widget\" data-e-type=\"widget\" data-widget_type=\"heading.default\">\n\t\t\t\t<div class=\"elementor-widget-container\">\n\t\t\t\t\t<h2 class=\"elementor-heading-title elementor-size-default\">MANDALA CENTER<\/h2>\t\t\t\t<\/div>\n\t\t\t\t<\/div>\n\t\t\t\t\t<\/div>\n\t\t<\/div>\n\t\t\t\t\t<\/div>\n\t\t<\/section>\n\t\t\t\t<section class=\"elementor-section elementor-top-section elementor-element elementor-element-896a0eb elementor-section-boxed elementor-section-height-default elementor-section-height-default\" data-id=\"896a0eb\" data-element_type=\"section\" data-e-type=\"section\" data-settings=\"{&quot;background_background&quot;:&quot;classic&quot;}\">\n\t\t\t\t\t\t<div class=\"elementor-container elementor-column-gap-default\">\n\t\t\t\t\t<div class=\"elementor-column elementor-col-100 elementor-top-column elementor-element elementor-element-ca0b119\" data-id=\"ca0b119\" data-element_type=\"column\" data-e-type=\"column\">\n\t\t\t<div class=\"elementor-widget-wrap elementor-element-populated\">\n\t\t\t\t\t\t<div class=\"elementor-element elementor-element-e94de91 elementor-widget elementor-widget-heading\" data-id=\"e94de91\" data-element_type=\"widget\" data-e-type=\"widget\" data-widget_type=\"heading.default\">\n\t\t\t\t<div class=\"elementor-widget-container\">\n\t\t\t\t\t<h2 class=\"elementor-heading-title elementor-size-default\">ABOUT ME<\/h2>\t\t\t\t<\/div>\n\t\t\t\t<\/div>\n\t\t\t\t<section class=\"elementor-section elementor-inner-section elementor-element elementor-element-0384fe5 elementor-section-boxed elementor-section-height-default elementor-section-height-default\" data-id=\"0384fe5\" data-element_type=\"section\" data-e-type=\"section\" data-settings=\"{&quot;background_background&quot;:&quot;classic&quot;,&quot;animation&quot;:&quot;none&quot;}\">\n\t\t\t\t\t\t\t<div class=\"elementor-background-overlay\"><\/div>\n\t\t\t\t\t\t\t<div class=\"elementor-container elementor-column-gap-default\">\n\t\t\t\t\t<div class=\"elementor-column elementor-col-100 elementor-inner-column elementor-element elementor-element-1ea42cb\" data-id=\"1ea42cb\" data-element_type=\"column\" data-e-type=\"column\">\n\t\t\t<div class=\"elementor-widget-wrap elementor-element-populated\">\n\t\t\t\t\t\t<div class=\"elementor-element elementor-element-f229409 elementor-widget elementor-widget-text-editor\" data-id=\"f229409\" data-element_type=\"widget\" data-e-type=\"widget\" data-widget_type=\"text-editor.default\">\n\t\t\t\t<div class=\"elementor-widget-container\">\n\t\t\t\t\t\t\t\t\t<p>Ma\u0142gorzata Dom\u017calska \u2013 Sivananda Yoga Teacher, Mindufulness Instructor, SoundHealing Practitioner and Explorer, Traveler, Women, Mistic <\/p>\n\t\t\t\t\t\t\t\t<\/div>\n\t\t\t\t<\/div>\n\t\t\t\t<div class=\"elementor-element elementor-element-9bf8433 elementor-widget elementor-widget-text-editor\" data-id=\"9bf8433\" data-element_type=\"widget\" data-e-type=\"widget\" data-widget_type=\"text-editor.default\">\n\t\t\t\t<div class=\"elementor-widget-container\">\n\t\t\t\t\t\t\t\t\t<p>Before yoga, there was theatre, I felt that it was so large that I could discover, express, say everything I meant :)???? Cultural studies, anthropology led me to shamanism. I have always been particularly fascinated by movement and body, what is primal, instinctive, authentic, how what is inside manifests itself outside and from exactly it flows.<\/p>\n\t\t\t\t\t\t\t\t<\/div>\n\t\t\t\t<\/div>\n\t\t\t\t<div class=\"elementor-element elementor-element-aee8b4e elementor-widget elementor-widget-text-editor\" data-id=\"aee8b4e\" data-element_type=\"widget\" data-e-type=\"widget\" data-widget_type=\"text-editor.default\">\n\t\t\t\t<div class=\"elementor-widget-container\">\n\t\t\t\t\t\t\t\t\t<p>When yoga came along, I didn&#8217;t understand it, and I treated my body more as a tool to use than as a power, life-flow supply. Adventure with yoga, passion, developed slowly. I felt that I had entered into a process of transformation that yoga brings with me, started exploring, practicing, everything started to work better, and I was starting to feel great. It turned out: Yes, Yoga works!<\/p>\n\t\t\t\t\t\t\t\t<\/div>\n\t\t\t\t<\/div>\n\t\t\t\t<div class=\"elementor-element elementor-element-0e73900 elementor-widget elementor-widget-image\" data-id=\"0e73900\" data-element_type=\"widget\" data-e-type=\"widget\" data-widget_type=\"image.default\">\n\t\t\t\t<div class=\"elementor-widget-container\">\n\t\t\t\t\t\t\t\t\t\t\t\t\t\t\t<img fetchpriority=\"high\" decoding=\"async\" width=\"1920\" height=\"1080\" src=\"https:\/\/mandalacenter.com.pl\/wp-content\/uploads\/2019\/07\/malgorzata-domzalska.jpg\" class=\"attachment-full size-full wp-image-1055\" alt=\"\" srcset=\"https:\/\/mandalacenter.com.pl\/wp-content\/uploads\/2019\/07\/malgorzata-domzalska.jpg 1920w, https:\/\/mandalacenter.com.pl\/wp-content\/uploads\/2019\/07\/malgorzata-domzalska-300x169.jpg 300w, https:\/\/mandalacenter.com.pl\/wp-content\/uploads\/2019\/07\/malgorzata-domzalska-768x432.jpg 768w, https:\/\/mandalacenter.com.pl\/wp-content\/uploads\/2019\/07\/malgorzata-domzalska-1024x576.jpg 1024w, https:\/\/mandalacenter.com.pl\/wp-content\/uploads\/2019\/07\/malgorzata-domzalska-600x338.jpg 600w\" sizes=\"(max-width: 1920px) 100vw, 1920px\" \/>\t\t\t\t\t\t\t\t\t\t\t\t\t\t\t<\/div>\n\t\t\t\t<\/div>\n\t\t\t\t<div class=\"elementor-element elementor-element-1ea0d72 elementor-widget elementor-widget-spacer\" data-id=\"1ea0d72\" data-element_type=\"widget\" data-e-type=\"widget\" data-widget_type=\"spacer.default\">\n\t\t\t\t<div class=\"elementor-widget-container\">\n\t\t\t\t\t\t\t<div class=\"elementor-spacer\">\n\t\t\t<div class=\"elementor-spacer-inner\"><\/div>\n\t\t<\/div>\n\t\t\t\t\t\t<\/div>\n\t\t\t\t<\/div>\n\t\t\t\t<div class=\"elementor-element elementor-element-21a71a7 elementor-widget elementor-widget-text-editor\" data-id=\"21a71a7\" data-element_type=\"widget\" data-e-type=\"widget\" data-widget_type=\"text-editor.default\">\n\t\t\t\t<div class=\"elementor-widget-container\">\n\t\t\t\t\t\t\t\t\t<p>Yoga is an ancient technology of workings with body &#8211; soul, with consideration of every aspect connected in Unity of Life.<\/p>\n\t\t\t\t\t\t\t\t<\/div>\n\t\t\t\t<\/div>\n\t\t\t\t<div class=\"elementor-element elementor-element-c8e12b1 elementor-widget elementor-widget-text-editor\" data-id=\"c8e12b1\" data-element_type=\"widget\" data-e-type=\"widget\" data-widget_type=\"text-editor.default\">\n\t\t\t\t<div class=\"elementor-widget-container\">\n\t\t\t\t\t\t\t\t\t<p>Yoga is listening in life strem that is inside me, you, around. Yoga is an art of transformations, activation, balancing and comunication.<\/p>\n\t\t\t\t\t\t\t\t<\/div>\n\t\t\t\t<\/div>\n\t\t\t\t<div class=\"elementor-element elementor-element-368209b elementor-widget elementor-widget-text-editor\" data-id=\"368209b\" data-element_type=\"widget\" data-e-type=\"widget\" data-widget_type=\"text-editor.default\">\n\t\t\t\t<div class=\"elementor-widget-container\">\n\t\t\t\t\t\t\t\t\t<p>Yoga is about going into myself, about knowing how I work?, what does my body need?, what direction does my soul want to take? to feel Connection, Cohesion, Harmony, Joy, Balance, Peace. <\/p>\n\t\t\t\t\t\t\t\t<\/div>\n\t\t\t\t<\/div>\n\t\t\t\t<div class=\"elementor-element elementor-element-1d39eb9 elementor-widget elementor-widget-text-editor\" data-id=\"1d39eb9\" data-element_type=\"widget\" data-e-type=\"widget\" data-widget_type=\"text-editor.default\">\n\t\t\t\t<div class=\"elementor-widget-container\">\n\t\t\t\t\t\t\t\t\t<p>Every time I go to the mat, I remember something very important to me, recover, integrate, some part of myself, my body, who I am, immerse myself in Presence.<\/p>\n\t\t\t\t\t\t\t\t<\/div>\n\t\t\t\t<\/div>\n\t\t\t\t<div class=\"elementor-element elementor-element-31f37a0 elementor-widget elementor-widget-text-editor\" data-id=\"31f37a0\" data-element_type=\"widget\" data-e-type=\"widget\" data-widget_type=\"text-editor.default\">\n\t\t\t\t<div class=\"elementor-widget-container\">\n\t\t\t\t\t\t\t\t\t<p>Being here and now, in conection of body- mind- spirit allows to feel, recive, ground relieved life flow and feel of harmony or sometimes disharmony.<\/p>\n\t\t\t\t\t\t\t\t<\/div>\n\t\t\t\t<\/div>\n\t\t\t\t<div class=\"elementor-element elementor-element-60ce143 elementor-widget elementor-widget-image\" data-id=\"60ce143\" data-element_type=\"widget\" data-e-type=\"widget\" data-widget_type=\"image.default\">\n\t\t\t\t<div class=\"elementor-widget-container\">\n\t\t\t\t\t\t\t\t\t\t\t\t\t\t\t<img decoding=\"async\" width=\"1920\" height=\"1168\" src=\"https:\/\/mandalacenter.com.pl\/wp-content\/uploads\/2019\/07\/kolory-dzwiek.jpg\" class=\"attachment-full size-full wp-image-1056\" alt=\"\" srcset=\"https:\/\/mandalacenter.com.pl\/wp-content\/uploads\/2019\/07\/kolory-dzwiek.jpg 1920w, https:\/\/mandalacenter.com.pl\/wp-content\/uploads\/2019\/07\/kolory-dzwiek-300x183.jpg 300w, https:\/\/mandalacenter.com.pl\/wp-content\/uploads\/2019\/07\/kolory-dzwiek-768x467.jpg 768w, https:\/\/mandalacenter.com.pl\/wp-content\/uploads\/2019\/07\/kolory-dzwiek-1024x623.jpg 1024w, https:\/\/mandalacenter.com.pl\/wp-content\/uploads\/2019\/07\/kolory-dzwiek-600x365.jpg 600w\" sizes=\"(max-width: 1920px) 100vw, 1920px\" \/>\t\t\t\t\t\t\t\t\t\t\t\t\t\t\t<\/div>\n\t\t\t\t<\/div>\n\t\t\t\t<div class=\"elementor-element elementor-element-9691e11 elementor-widget elementor-widget-spacer\" data-id=\"9691e11\" data-element_type=\"widget\" data-e-type=\"widget\" data-widget_type=\"spacer.default\">\n\t\t\t\t<div class=\"elementor-widget-container\">\n\t\t\t\t\t\t\t<div class=\"elementor-spacer\">\n\t\t\t<div class=\"elementor-spacer-inner\"><\/div>\n\t\t<\/div>\n\t\t\t\t\t\t<\/div>\n\t\t\t\t<\/div>\n\t\t\t\t<div class=\"elementor-element elementor-element-60e1856 elementor-widget elementor-widget-text-editor\" data-id=\"60e1856\" data-element_type=\"widget\" data-e-type=\"widget\" data-widget_type=\"text-editor.default\">\n\t\t\t\t<div class=\"elementor-widget-container\">\n\t\t\t\t\t\t\t\t\t<p>I accepted the initiation as a yoga teacher in the Sivananda tradition, it is classic Indian yoga. The first yoga in the West. Beautiful, integral practice, ordered in 12 asanas, the execution of which step by step effectively does what the practice of yoga has to do. In my classes and own practise i bringing more tools, witch i have discover, there is kundalini yoga, vinyasa flow, yin yoga ect. Scenariusz zaj\u0119\u0107 jest elastyczny, dostosowany do potrzeb uczestnik\u00f3w, energii grupy, pory dnia ect. The therapeutic dimension of yoga takes into account everyone regardless of condition and age. More here: <a href=\"https:\/\/mandalacenter.com.pl\/en\/yoga-alchemy\/\">Yoga Alchemy<\/a>.<\/p>\n\t\t\t\t\t\t\t\t<\/div>\n\t\t\t\t<\/div>\n\t\t\t\t<div class=\"elementor-element elementor-element-20d0523 elementor-widget elementor-widget-text-editor\" data-id=\"20d0523\" data-element_type=\"widget\" data-e-type=\"widget\" data-widget_type=\"text-editor.default\">\n\t\t\t\t<div class=\"elementor-widget-container\">\n\t\t\t\t\t\t\t\t\t<p>In Poland \u2013 S\u0142upsk, close to Baltic Sea, i creat yoga scholl, cameral healing center, where i have been shareing light of yoga in last years on regular basis &#8211; <a href=\"https:\/\/www.facebook.com\/slupskidomjogi\/\">S\u0142upski Dom Jogi<\/a><\/p>\n\t\t\t\t\t\t\t\t<\/div>\n\t\t\t\t<\/div>\n\t\t\t\t<div class=\"elementor-element elementor-element-41c6469 elementor-widget elementor-widget-text-editor\" data-id=\"41c6469\" data-element_type=\"widget\" data-e-type=\"widget\" data-widget_type=\"text-editor.default\">\n\t\t\t\t<div class=\"elementor-widget-container\">\n\t\t\t\t\t\t\t\t\t<p>I love music, sound. The music of the universe comes out of silence and returns to it all the time. Music is a window for the Soul. This is the next chapter in what I work with and explore. I play crystal bowls, gongs, and other instruments tuned to natural frequencies. More about sound massage here: <a href=\"https:\/\/mandalacenter.com.pl\/en\/sound-power\/\">SOUND POWER<\/a><\/p>\n\t\t\t\t\t\t\t\t<\/div>\n\t\t\t\t<\/div>\n\t\t\t\t<div class=\"elementor-element elementor-element-c74a7a2 elementor-widget elementor-widget-text-editor\" data-id=\"c74a7a2\" data-element_type=\"widget\" data-e-type=\"widget\" data-widget_type=\"text-editor.default\">\n\t\t\t\t<div class=\"elementor-widget-container\">\n\t\t\t\t\t\t\t\t\t<h3>I cordially invite You to the meet!<\/h3>\n<h3>Sat Nam<\/h3>\n<h3>Art for Peace &amp; Love &amp; Harmony<\/h3>\n\t\t\t\t\t\t\t\t<\/div>\n\t\t\t\t<\/div>\n\t\t\t\t\t<\/div>\n\t\t<\/div>\n\t\t\t\t\t<\/div>\n\t\t<\/section>\n\t\t\t\t\t<\/div>\n\t\t<\/div>\n\t\t\t\t\t<\/div>\n\t\t<\/section>\n\t\t\t\t<\/div>\n\t\t","protected":false},"excerpt":{"rendered":"<p>MANDALA CENTER ABOUT ME Ma\u0142gorzata Dom\u017calska \u2013 Sivananda Yoga Teacher, Mindufulness Instructor, SoundHealing Practitioner and Explorer, Traveler, Women, Mistic Before yoga, there was theatre, I&hellip;<\/p>\n","protected":false},"author":2,"featured_media":0,"parent":0,"menu_order":0,"comment_status":"closed","ping_status":"closed","template":"","meta":{"footnotes":""},"class_list":["post-1126","page","type-page","status-publish","hentry"],"yoast_head":"<!-- This site is optimized with the Yoast SEO plugin v27.3 - https:\/\/yoast.com\/product\/yoast-seo-wordpress\/ -->\n<title>MANDALA CENTER - a place of relaxation for body and soul<\/title>\n<meta name=\"description\" content=\"Mandala Center is a place of relaxation for the body and spirit, and for holistic pro-health activity run by Ma\u0142gorzata Dom\u017calska\" \/>\n<meta name=\"robots\" content=\"index, follow, max-snippet:-1, max-image-preview:large, max-video-preview:-1\" \/>\n<link rel=\"canonical\" href=\"https:\/\/mandalacenter.com.pl\/en\/\" \/>\n<meta property=\"og:locale\" content=\"en_US\" \/>\n<meta property=\"og:type\" content=\"article\" \/>\n<meta property=\"og:title\" content=\"MANDALA CENTER - a place of relaxation for body and soul\" \/>\n<meta property=\"og:description\" content=\"Mandala Center is a place of relaxation for the body and spirit, and for holistic pro-health activity run by Ma\u0142gorzata Dom\u017calska\" \/>\n<meta property=\"og:url\" content=\"https:\/\/mandalacenter.com.pl\/en\/\" \/>\n<meta property=\"og:site_name\" content=\"MANDALA CENTER\" \/>\n<meta property=\"article:publisher\" content=\"https:\/\/www.facebook.com\/slupskidomjogi\/\" \/>\n<meta property=\"article:modified_time\" content=\"2024-01-22T09:02:16+00:00\" \/>\n<meta property=\"og:image\" content=\"https:\/\/mandalacenter.com.pl\/wp-content\/uploads\/2019\/07\/las_bg.jpg\" \/>\n<meta name=\"twitter:card\" content=\"summary_large_image\" \/>\n<meta name=\"twitter:title\" content=\"MANDALA CENTER - a place of relaxation for body and soul\" \/>\n<meta name=\"twitter:description\" content=\"Mandala Center is a place of relaxation for the body and spirit, and for holistic pro-health activity run by Ma\u0142gorzata Dom\u017calska\" \/>\n<meta name=\"twitter:image\" content=\"https:\/\/mandalacenter.com.pl\/wp-content\/uploads\/2019\/07\/las_bg.jpg\" \/>\n<script type=\"application\/ld+json\" class=\"yoast-schema-graph\">{\"@context\":\"https:\\\/\\\/schema.org\",\"@graph\":[{\"@type\":\"WebPage\",\"@id\":\"https:\\\/\\\/mandalacenter.com.pl\\\/en\\\/\",\"url\":\"https:\\\/\\\/mandalacenter.com.pl\\\/en\\\/\",\"name\":\"MANDALA CENTER - a place of relaxation for body and soul\",\"isPartOf\":{\"@id\":\"https:\\\/\\\/mandalacenter.com.pl\\\/en\\\/#website\"},\"primaryImageOfPage\":{\"@id\":\"https:\\\/\\\/mandalacenter.com.pl\\\/en\\\/#primaryimage\"},\"image\":{\"@id\":\"https:\\\/\\\/mandalacenter.com.pl\\\/en\\\/#primaryimage\"},\"thumbnailUrl\":\"https:\\\/\\\/mandalacenter.com.pl\\\/wp-content\\\/uploads\\\/2019\\\/07\\\/malgorzata-domzalska.jpg\",\"datePublished\":\"2018-09-27T03:01:10+00:00\",\"dateModified\":\"2024-01-22T09:02:16+00:00\",\"description\":\"Mandala Center is a place of relaxation for the body and spirit, and for holistic pro-health activity run by Ma\u0142gorzata Dom\u017calska\",\"breadcrumb\":{\"@id\":\"https:\\\/\\\/mandalacenter.com.pl\\\/en\\\/#breadcrumb\"},\"inLanguage\":\"en-US\",\"potentialAction\":[{\"@type\":\"ReadAction\",\"target\":[\"https:\\\/\\\/mandalacenter.com.pl\\\/en\\\/\"]}]},{\"@type\":\"ImageObject\",\"inLanguage\":\"en-US\",\"@id\":\"https:\\\/\\\/mandalacenter.com.pl\\\/en\\\/#primaryimage\",\"url\":\"https:\\\/\\\/mandalacenter.com.pl\\\/wp-content\\\/uploads\\\/2019\\\/07\\\/malgorzata-domzalska.jpg\",\"contentUrl\":\"https:\\\/\\\/mandalacenter.com.pl\\\/wp-content\\\/uploads\\\/2019\\\/07\\\/malgorzata-domzalska.jpg\"},{\"@type\":\"BreadcrumbList\",\"@id\":\"https:\\\/\\\/mandalacenter.com.pl\\\/en\\\/#breadcrumb\",\"itemListElement\":[{\"@type\":\"ListItem\",\"position\":1,\"name\":\"Strona g\u0142\u00f3wna\",\"item\":\"https:\\\/\\\/mandalacenter.com.pl\\\/en\\\/home\\\/\"},{\"@type\":\"ListItem\",\"position\":2,\"name\":\"Home\"}]},{\"@type\":\"WebSite\",\"@id\":\"https:\\\/\\\/mandalacenter.com.pl\\\/en\\\/#website\",\"url\":\"https:\\\/\\\/mandalacenter.com.pl\\\/en\\\/\",\"name\":\"MANDALA CENTER\",\"description\":\"\",\"publisher\":{\"@id\":\"https:\\\/\\\/mandalacenter.com.pl\\\/en\\\/#organization\"},\"potentialAction\":[{\"@type\":\"SearchAction\",\"target\":{\"@type\":\"EntryPoint\",\"urlTemplate\":\"https:\\\/\\\/mandalacenter.com.pl\\\/en\\\/?s={search_term_string}\"},\"query-input\":{\"@type\":\"PropertyValueSpecification\",\"valueRequired\":true,\"valueName\":\"search_term_string\"}}],\"inLanguage\":\"en-US\"},{\"@type\":\"Organization\",\"@id\":\"https:\\\/\\\/mandalacenter.com.pl\\\/en\\\/#organization\",\"name\":\"MANDALA CENTER - miejsce relaksu cia\u0142a i ducha\",\"url\":\"https:\\\/\\\/mandalacenter.com.pl\\\/en\\\/\",\"logo\":{\"@type\":\"ImageObject\",\"inLanguage\":\"en-US\",\"@id\":\"https:\\\/\\\/mandalacenter.com.pl\\\/en\\\/#\\\/schema\\\/logo\\\/image\\\/\",\"url\":\"https:\\\/\\\/mandalacenter.com.pl\\\/wp-content\\\/uploads\\\/2021\\\/08\\\/mandala-logo-projekt-scaled.jpg\",\"contentUrl\":\"https:\\\/\\\/mandalacenter.com.pl\\\/wp-content\\\/uploads\\\/2021\\\/08\\\/mandala-logo-projekt-scaled.jpg\",\"width\":2560,\"height\":1579,\"caption\":\"MANDALA CENTER - miejsce relaksu cia\u0142a i ducha\"},\"image\":{\"@id\":\"https:\\\/\\\/mandalacenter.com.pl\\\/en\\\/#\\\/schema\\\/logo\\\/image\\\/\"},\"sameAs\":[\"https:\\\/\\\/www.facebook.com\\\/slupskidomjogi\\\/\"]}]}<\/script>\n<!-- \/ Yoast SEO plugin. -->","yoast_head_json":{"title":"MANDALA CENTER - a place of relaxation for body and soul","description":"Mandala Center is a place of relaxation for the body and spirit, and for holistic pro-health activity run by Ma\u0142gorzata Dom\u017calska","robots":{"index":"index","follow":"follow","max-snippet":"max-snippet:-1","max-image-preview":"max-image-preview:large","max-video-preview":"max-video-preview:-1"},"canonical":"https:\/\/mandalacenter.com.pl\/en\/","og_locale":"en_US","og_type":"article","og_title":"MANDALA CENTER - a place of relaxation for body and soul","og_description":"Mandala Center is a place of relaxation for the body and spirit, and for holistic pro-health activity run by Ma\u0142gorzata Dom\u017calska","og_url":"https:\/\/mandalacenter.com.pl\/en\/","og_site_name":"MANDALA CENTER","article_publisher":"https:\/\/www.facebook.com\/slupskidomjogi\/","article_modified_time":"2024-01-22T09:02:16+00:00","og_image":[{"url":"https:\/\/mandalacenter.com.pl\/wp-content\/uploads\/2019\/07\/las_bg.jpg","type":"","width":"","height":""}],"twitter_card":"summary_large_image","twitter_title":"MANDALA CENTER - a place of relaxation for body and soul","twitter_description":"Mandala Center is a place of relaxation for the body and spirit, and for holistic pro-health activity run by Ma\u0142gorzata Dom\u017calska","twitter_image":"https:\/\/mandalacenter.com.pl\/wp-content\/uploads\/2019\/07\/las_bg.jpg","schema":{"@context":"https:\/\/schema.org","@graph":[{"@type":"WebPage","@id":"https:\/\/mandalacenter.com.pl\/en\/","url":"https:\/\/mandalacenter.com.pl\/en\/","name":"MANDALA CENTER - a place of relaxation for body and soul","isPartOf":{"@id":"https:\/\/mandalacenter.com.pl\/en\/#website"},"primaryImageOfPage":{"@id":"https:\/\/mandalacenter.com.pl\/en\/#primaryimage"},"image":{"@id":"https:\/\/mandalacenter.com.pl\/en\/#primaryimage"},"thumbnailUrl":"https:\/\/mandalacenter.com.pl\/wp-content\/uploads\/2019\/07\/malgorzata-domzalska.jpg","datePublished":"2018-09-27T03:01:10+00:00","dateModified":"2024-01-22T09:02:16+00:00","description":"Mandala Center is a place of relaxation for the body and spirit, and for holistic pro-health activity run by Ma\u0142gorzata Dom\u017calska","breadcrumb":{"@id":"https:\/\/mandalacenter.com.pl\/en\/#breadcrumb"},"inLanguage":"en-US","potentialAction":[{"@type":"ReadAction","target":["https:\/\/mandalacenter.com.pl\/en\/"]}]},{"@type":"ImageObject","inLanguage":"en-US","@id":"https:\/\/mandalacenter.com.pl\/en\/#primaryimage","url":"https:\/\/mandalacenter.com.pl\/wp-content\/uploads\/2019\/07\/malgorzata-domzalska.jpg","contentUrl":"https:\/\/mandalacenter.com.pl\/wp-content\/uploads\/2019\/07\/malgorzata-domzalska.jpg"},{"@type":"BreadcrumbList","@id":"https:\/\/mandalacenter.com.pl\/en\/#breadcrumb","itemListElement":[{"@type":"ListItem","position":1,"name":"Strona g\u0142\u00f3wna","item":"https:\/\/mandalacenter.com.pl\/en\/home\/"},{"@type":"ListItem","position":2,"name":"Home"}]},{"@type":"WebSite","@id":"https:\/\/mandalacenter.com.pl\/en\/#website","url":"https:\/\/mandalacenter.com.pl\/en\/","name":"MANDALA CENTER","description":"","publisher":{"@id":"https:\/\/mandalacenter.com.pl\/en\/#organization"},"potentialAction":[{"@type":"SearchAction","target":{"@type":"EntryPoint","urlTemplate":"https:\/\/mandalacenter.com.pl\/en\/?s={search_term_string}"},"query-input":{"@type":"PropertyValueSpecification","valueRequired":true,"valueName":"search_term_string"}}],"inLanguage":"en-US"},{"@type":"Organization","@id":"https:\/\/mandalacenter.com.pl\/en\/#organization","name":"MANDALA CENTER - miejsce relaksu cia\u0142a i ducha","url":"https:\/\/mandalacenter.com.pl\/en\/","logo":{"@type":"ImageObject","inLanguage":"en-US","@id":"https:\/\/mandalacenter.com.pl\/en\/#\/schema\/logo\/image\/","url":"https:\/\/mandalacenter.com.pl\/wp-content\/uploads\/2021\/08\/mandala-logo-projekt-scaled.jpg","contentUrl":"https:\/\/mandalacenter.com.pl\/wp-content\/uploads\/2021\/08\/mandala-logo-projekt-scaled.jpg","width":2560,"height":1579,"caption":"MANDALA CENTER - miejsce relaksu cia\u0142a i ducha"},"image":{"@id":"https:\/\/mandalacenter.com.pl\/en\/#\/schema\/logo\/image\/"},"sameAs":["https:\/\/www.facebook.com\/slupskidomjogi\/"]}]}},"_links":{"self":[{"href":"https:\/\/mandalacenter.com.pl\/en\/wp-json\/wp\/v2\/pages\/1126","targetHints":{"allow":["GET"]}}],"collection":[{"href":"https:\/\/mandalacenter.com.pl\/en\/wp-json\/wp\/v2\/pages"}],"about":[{"href":"https:\/\/mandalacenter.com.pl\/en\/wp-json\/wp\/v2\/types\/page"}],"author":[{"embeddable":true,"href":"https:\/\/mandalacenter.com.pl\/en\/wp-json\/wp\/v2\/users\/2"}],"replies":[{"embeddable":true,"href":"https:\/\/mandalacenter.com.pl\/en\/wp-json\/wp\/v2\/comments?post=1126"}],"version-history":[{"count":0,"href":"https:\/\/mandalacenter.com.pl\/en\/wp-json\/wp\/v2\/pages\/1126\/revisions"}],"wp:attachment":[{"href":"https:\/\/mandalacenter.com.pl\/en\/wp-json\/wp\/v2\/media?parent=1126"}],"curies":[{"name":"wp","href":"https:\/\/api.w.org\/{rel}","templated":true}]}}